{"id":7600,"date":"2025-10-21T09:48:41","date_gmt":"2025-10-21T09:48:41","guid":{"rendered":"https:\/\/verged.ai\/die-ai-briefing-experten-insights-zu-responsible-ai\/"},"modified":"2025-11-26T22:01:41","modified_gmt":"2025-11-26T22:01:41","slug":"die-ai-briefing-experten-insights-zu-responsible-ai","status":"publish","type":"page","link":"https:\/\/verged.ai\/de\/die-ai-briefing-experten-insights-zu-responsible-ai\/","title":{"rendered":"Die AI Briefings: Experten-Insights zu Responsible AI"},"content":{"rendered":"\t\t<div data-elementor-type=\"wp-page\" data-elementor-id=\"7600\" class=\"elementor elementor-7600 elementor-7515\" data-elementor-post-type=\"page\">\n\t\t\t\t<div class=\"elementor-element elementor-element-e3dc10e e-flex e-con-boxed e-con e-parent\" data-id=\"e3dc10e\" data-element_type=\"container\" data-e-type=\"container\">\n\t\t\t\t\t<div class=\"e-con-inner\">\n\t\t\t\t<div class=\"elementor-element elementor-element-7c4b434 elementor-widget elementor-widget-spacer\" data-id=\"7c4b434\" data-element_type=\"widget\" data-e-type=\"widget\" data-widget_type=\"spacer.default\">\n\t\t\t\t<div class=\"elementor-widget-container\">\n\t\t\t\t\t\t\t<div class=\"elementor-spacer\">\n\t\t\t<div class=\"elementor-spacer-inner\"><\/div>\n\t\t<\/div>\n\t\t\t\t\t\t<\/div>\n\t\t\t\t<\/div>\n\t\t\t\t\t<\/div>\n\t\t\t\t<\/div>\n\t\t<div class=\"elementor-element elementor-element-088489e e-flex e-con-boxed e-con e-parent\" data-id=\"088489e\" data-element_type=\"container\" data-e-type=\"container\" data-settings=\"{&quot;background_background&quot;:&quot;classic&quot;}\">\n\t\t\t\t\t<div class=\"e-con-inner\">\n\t\t\t\t<div class=\"elementor-element elementor-element-8bfc4fe elementor-widget elementor-widget-heading\" data-id=\"8bfc4fe\" data-element_type=\"widget\" data-e-type=\"widget\" data-widget_type=\"heading.default\">\n\t\t\t\t<div class=\"elementor-widget-container\">\n\t\t\t\t\t<h2 class=\"elementor-heading-title elementor-size-default\">Insights, die F\u00fchrungskr\u00e4ften helfen, vertrauensw\u00fcrdige AI aufzubauen<\/h2>\t\t\t\t<\/div>\n\t\t\t\t<\/div>\n\t\t\t\t<div class=\"elementor-element elementor-element-776a7c5 elementor-widget elementor-widget-text-editor\" data-id=\"776a7c5\" data-element_type=\"widget\" data-e-type=\"widget\" data-widget_type=\"text-editor.default\">\n\t\t\t\t<div class=\"elementor-widget-container\">\n\t\t\t\t\t\t\t\t\t<p>Die AI Briefings von Verged liefert Experten-Insights zu verantwortungsvoller und kundenorientierter AI. Jede Ausgabe beleuchtet, wie Unternehmen \u00fcber die Compliance hinaus Vertrauen, Transparenz und langfristigen Wert durch intelligente Technologien aufbauen k\u00f6nnen. <\/p><p>Beginnen Sie mit unserer ersten Ausgabe \u2013 AI Governance: Vom Risiko zum Wettbewerbsvorteil \u2013 und entdecken Sie, wie AI-Frameworks Compliance in Wettbewerbsst\u00e4rke verwandeln k\u00f6nnen.<\/p>\t\t\t\t\t\t\t\t<\/div>\n\t\t\t\t<\/div>\n\t\t\t\t<div class=\"elementor-element elementor-element-1c2d32a elementor-align-left elementor-widget elementor-widget-button\" data-id=\"1c2d32a\" data-element_type=\"widget\" data-e-type=\"widget\" data-widget_type=\"button.default\">\n\t\t\t\t<div class=\"elementor-widget-container\">\n\t\t\t\t\t\t\t\t\t<div class=\"elementor-button-wrapper\">\n\t\t\t\t\t<a class=\"elementor-button elementor-button-link elementor-size-sm\" href=\"#AI_Briefing01\">\n\t\t\t\t\t\t<span class=\"elementor-button-content-wrapper\">\n\t\t\t\t\t\t\t\t\t<span class=\"elementor-button-text\">JETZT DOWNLOADEN<\/span>\n\t\t\t\t\t<\/span>\n\t\t\t\t\t<\/a>\n\t\t\t\t<\/div>\n\t\t\t\t\t\t\t\t<\/div>\n\t\t\t\t<\/div>\n\t\t\t\t\t<\/div>\n\t\t\t\t<\/div>\n\t\t<div class=\"elementor-element elementor-element-ed1e864 e-flex e-con-boxed e-con e-parent\" data-id=\"ed1e864\" data-element_type=\"container\" data-e-type=\"container\">\n\t\t\t\t\t<div class=\"e-con-inner\">\n\t\t\t\t<div class=\"elementor-element elementor-element-41c52a9 elementor-widget-divider--view-line elementor-widget elementor-widget-divider\" data-id=\"41c52a9\" data-element_type=\"widget\" data-e-type=\"widget\" data-widget_type=\"divider.default\">\n\t\t\t\t<div class=\"elementor-widget-container\">\n\t\t\t\t\t\t\t<div class=\"elementor-divider\">\n\t\t\t<span class=\"elementor-divider-separator\">\n\t\t\t\t\t\t<\/span>\n\t\t<\/div>\n\t\t\t\t\t\t<\/div>\n\t\t\t\t<\/div>\n\t\t\t\t\t<\/div>\n\t\t\t\t<\/div>\n\t\t<div class=\"elementor-element elementor-element-6423868 e-flex e-con-boxed e-con e-parent\" data-id=\"6423868\" data-element_type=\"container\" data-e-type=\"container\">\n\t\t\t\t\t<div class=\"e-con-inner\">\n\t\t<div class=\"elementor-element elementor-element-56b61ae e-con-full e-flex e-con e-child\" data-id=\"56b61ae\" data-element_type=\"container\" data-e-type=\"container\" data-settings=\"{&quot;background_background&quot;:&quot;classic&quot;}\">\n\t\t\t\t<\/div>\n\t\t<div class=\"elementor-element elementor-element-ef019fb e-con-full e-flex e-con e-child\" data-id=\"ef019fb\" data-element_type=\"container\" data-e-type=\"container\">\n\t\t\t\t<div class=\"elementor-element elementor-element-7625b4d elementor-widget elementor-widget-heading\" data-id=\"7625b4d\" data-element_type=\"widget\" data-e-type=\"widget\" data-widget_type=\"heading.default\">\n\t\t\t\t<div class=\"elementor-widget-container\">\n\t\t\t\t\t<h2 class=\"elementor-heading-title elementor-size-default\">Was ist die AI Briefing Series?<\/h2>\t\t\t\t<\/div>\n\t\t\t\t<\/div>\n\t\t\t\t<div class=\"elementor-element elementor-element-9adff3d elementor-widget elementor-widget-text-editor\" data-id=\"9adff3d\" data-element_type=\"widget\" data-e-type=\"widget\" data-widget_type=\"text-editor.default\">\n\t\t\t\t<div class=\"elementor-widget-container\">\n\t\t\t\t\t\t\t\t\t<p>Die AI Briefing Series ist die fortlaufende Publikation von Verged, die sich verantwortungsvoller und kundenorientierter KI widmet. Jede Ausgabe beleuchtet, wie Unternehmen k\u00fcnstliche Intelligenz nutzen k\u00f6nnen, um Vertrauen, Transparenz und Engagement zu st\u00e4rken \u2013 nicht nur Effizienz. <\/p><p>Durch die Kombination von Insights aus der Beratungspraxis, Forschung und Technologiestrategie hilft die Series Wirtschafts- und F\u00fchrungskr\u00e4ften des \u00f6ffentlichen Sektors zu verstehen, was bei der AI adoption wirklich z\u00e4hlt \u2013 Governance, Ethik und langfristige Auswirkungen.<\/p><p>Als zug\u00e4ngliches und doch strategisches Format konzipiert, destilliert jede AI Briefing komplexe Entwicklungen in klare Frameworks und umsetzbare Ideen. Ob Sie die digitale Transformation leiten, CX-Programme verwalten oder die AI-Strategie definieren, diese Series bietet die Orientierung, um mit Zuversicht zu handeln. <\/p>\t\t\t\t\t\t\t\t<\/div>\n\t\t\t\t<\/div>\n\t\t\t\t<\/div>\n\t\t\t\t\t<\/div>\n\t\t\t\t<\/div>\n\t\t<div class=\"elementor-element elementor-element-2cddc38 e-flex e-con-boxed e-con e-parent\" data-id=\"2cddc38\" data-element_type=\"container\" data-e-type=\"container\">\n\t\t\t\t\t<div class=\"e-con-inner\">\n\t\t\t\t<div class=\"elementor-element elementor-element-0961f80 elementor-widget elementor-widget-spacer\" data-id=\"0961f80\" data-element_type=\"widget\" data-e-type=\"widget\" data-widget_type=\"spacer.default\">\n\t\t\t\t<div class=\"elementor-widget-container\">\n\t\t\t\t\t\t\t<div class=\"elementor-spacer\">\n\t\t\t<div class=\"elementor-spacer-inner\"><\/div>\n\t\t<\/div>\n\t\t\t\t\t\t<\/div>\n\t\t\t\t<\/div>\n\t\t\t\t\t<\/div>\n\t\t\t\t<\/div>\n\t\t<div class=\"elementor-element elementor-element-6b42165 e-flex e-con-boxed e-con e-parent\" data-id=\"6b42165\" data-element_type=\"container\" data-e-type=\"container\">\n\t\t\t\t\t<div class=\"e-con-inner\">\n\t\t<div class=\"elementor-element elementor-element-8e6d37e e-con-full e-flex e-con e-child\" data-id=\"8e6d37e\" data-element_type=\"container\" data-e-type=\"container\">\n\t\t<div class=\"elementor-element elementor-element-0679840 e-con-full e-flex e-con e-child\" data-id=\"0679840\" data-element_type=\"container\" data-e-type=\"container\">\n\t\t\t\t<div class=\"elementor-element elementor-element-e288a7b elementor-widget elementor-widget-heading\" data-id=\"e288a7b\" data-element_type=\"widget\" data-e-type=\"widget\" data-widget_type=\"heading.default\">\n\t\t\t\t<div class=\"elementor-widget-container\">\n\t\t\t\t\t<h1 class=\"elementor-heading-title elementor-size-default\">#01 - AI Governance<\/h1>\t\t\t\t<\/div>\n\t\t\t\t<\/div>\n\t\t\t\t<\/div>\n\t\t\t\t<\/div>\n\t\t<div class=\"elementor-element elementor-element-828a8cc e-con-full e-flex e-con e-child\" data-id=\"828a8cc\" data-element_type=\"container\" data-e-type=\"container\">\n\t\t\t\t<div class=\"elementor-element elementor-element-c084a1d elementor-widget elementor-widget-menu-anchor\" data-id=\"c084a1d\" data-element_type=\"widget\" data-e-type=\"widget\" data-widget_type=\"menu-anchor.default\">\n\t\t\t\t<div class=\"elementor-widget-container\">\n\t\t\t\t\t\t\t<div class=\"elementor-menu-anchor\" id=\"AI_Briefing01\"><\/div>\n\t\t\t\t\t\t<\/div>\n\t\t\t\t<\/div>\n\t\t\t\t<div class=\"elementor-element elementor-element-a98b67c elementor-widget elementor-widget-heading\" data-id=\"a98b67c\" data-element_type=\"widget\" data-e-type=\"widget\" data-widget_type=\"heading.default\">\n\t\t\t\t<div class=\"elementor-widget-container\">\n\t\t\t\t\t<h2 class=\"elementor-heading-title elementor-size-default\">Edition #01 \u2013 AI Governance: vom Risiko zum Wettbewerbsvorteil<\/h2>\t\t\t\t<\/div>\n\t\t\t\t<\/div>\n\t\t<div class=\"elementor-element elementor-element-ea2890a e-con-full e-flex e-con e-child\" data-id=\"ea2890a\" data-element_type=\"container\" data-e-type=\"container\">\n\t\t\t\t<div class=\"elementor-element elementor-element-bce6b55 elementor-widget elementor-widget-text-editor\" data-id=\"bce6b55\" data-element_type=\"widget\" data-e-type=\"widget\" data-widget_type=\"text-editor.default\">\n\t\t\t\t<div class=\"elementor-widget-container\">\n\t\t\t\t\t\t\t\t\t<p data-start=\"464\" data-end=\"781\">Die erste AI Briefing beleuchtet, wie Governance AI von einer Compliance-Verpflichtung zu einem strategischen Differenzierungsmerkmal transformieren kann.<\/p><p data-start=\"464\" data-end=\"781\">Sie bietet eine klare Sicht darauf, wie Strukturen f\u00fcr Rechenschaftspflicht, Aufsicht und Ethik Organisationen helfen, Vertrauen und Resilienz aufzubauen \u2013 und Responsible AI in einen Gesch\u00e4ftsvorteil verwandeln.<\/p>\t\t\t\t\t\t\t\t<\/div>\n\t\t\t\t<\/div>\n\t\t\t\t<div class=\"elementor-element elementor-element-7060c96 elementor-widget elementor-widget-text-editor\" data-id=\"7060c96\" data-element_type=\"widget\" data-e-type=\"widget\" data-widget_type=\"text-editor.default\">\n\t\t\t\t<div class=\"elementor-widget-container\">\n\t\t\t\t\t\t\t\t\t<p><strong>Wichtige Erkenntnisse:<\/strong><\/p><ul><li>Verstehen Sie, warum AI Governance-Frameworks zentral f\u00fcr nachhaltige Innovation sind.<\/li><li>Erfahren Sie, wie Sie ethische \u00dcberpr\u00fcfungs- und Entscheidungspfade in den t\u00e4glichen Betrieb integrieren k\u00f6nnen.<\/li><li>Entdecken Sie, wie Transparenz und Rechenschaftspflicht sowohl Compliance als auch Kundenvertrauen st\u00e4rken.<\/li><\/ul><p><strong>Download Edition #01 \u2013 AI Governance<\/strong><\/p><p>Holen Sie sich das vollst\u00e4ndige PDF-Briefing \u2013 praktische Frameworks, Fall-Insights und Empfehlungen f\u00fcr die n\u00e4chsten Schritte f\u00fcr F\u00fchrungskr\u00e4fte im Bereich Responsible AI.<\/p>\t\t\t\t\t\t\t\t<\/div>\n\t\t\t\t<\/div>\n\t\t\t\t<div class=\"elementor-element elementor-element-de7b8f9 elementor-align-left elementor-widget elementor-widget-button\" data-id=\"de7b8f9\" data-element_type=\"widget\" data-e-type=\"widget\" data-widget_type=\"button.default\">\n\t\t\t\t<div class=\"elementor-widget-container\">\n\t\t\t\t\t\t\t\t\t<div class=\"elementor-button-wrapper\">\n\t\t\t\t\t<a class=\"elementor-button elementor-button-link elementor-size-sm\" href=\"https:\/\/verged.ai\/de\/download-der-ai-briefing-01-ai-governance\/\">\n\t\t\t\t\t\t<span class=\"elementor-button-content-wrapper\">\n\t\t\t\t\t\t\t\t\t<span class=\"elementor-button-text\">JETZT DOWNLOADEN<\/span>\n\t\t\t\t\t<\/span>\n\t\t\t\t\t<\/a>\n\t\t\t\t<\/div>\n\t\t\t\t\t\t\t\t<\/div>\n\t\t\t\t<\/div>\n\t\t\t\t<\/div>\n\t\t\t\t<\/div>\n\t\t\t\t\t<\/div>\n\t\t\t\t<\/div>\n\t\t<div class=\"elementor-element elementor-element-a37e554 e-flex e-con-boxed e-con e-parent\" data-id=\"a37e554\" data-element_type=\"container\" data-e-type=\"container\">\n\t\t\t\t\t<div class=\"e-con-inner\">\n\t\t\t\t<div class=\"elementor-element elementor-element-a9c6940 elementor-widget-divider--view-line elementor-widget elementor-widget-divider\" data-id=\"a9c6940\" data-element_type=\"widget\" data-e-type=\"widget\" data-widget_type=\"divider.default\">\n\t\t\t\t<div class=\"elementor-widget-container\">\n\t\t\t\t\t\t\t<div class=\"elementor-divider\">\n\t\t\t<span class=\"elementor-divider-separator\">\n\t\t\t\t\t\t<\/span>\n\t\t<\/div>\n\t\t\t\t\t\t<\/div>\n\t\t\t\t<\/div>\n\t\t\t\t<div class=\"elementor-element elementor-element-978f308 elementor-widget elementor-widget-heading\" data-id=\"978f308\" data-element_type=\"widget\" data-e-type=\"widget\" data-widget_type=\"heading.default\">\n\t\t\t\t<div class=\"elementor-widget-container\">\n\t\t\t\t\t<h2 class=\"elementor-heading-title elementor-size-default\">Warum Responsible AI jetzt wichtig ist<\/h2>\t\t\t\t<\/div>\n\t\t\t\t<\/div>\n\t\t\t\t<div class=\"elementor-element elementor-element-0f90975 elementor-widget elementor-widget-text-editor\" data-id=\"0f90975\" data-element_type=\"widget\" data-e-type=\"widget\" data-widget_type=\"text-editor.default\">\n\t\t\t\t<div class=\"elementor-widget-container\">\n\t\t\t\t\t\t\t\t\t<p>K\u00fcnstliche Intelligenz ver\u00e4ndert die Art und Weise, wie Organisationen mit Kunden interagieren, Entscheidungen treffen und Werte liefern \u2013 doch Vertrauen bleibt das fehlende Glied.<br>Ohne klare Governance, Transparenz und Rechenschaftspflicht riskieren selbst die fortschrittlichsten AI-Systeme, Unsicherheit statt Vertrauen zu schaffen.<\/p><p>Responsible AI geht nicht nur um Risikomanagement \u2013 es geht darum, Innovationen zu erm\u00f6glichen, die fair, erkl\u00e4rbar und auf die menschliche Absicht abgestimmt sind. Unternehmen, die heute Ethik und Aufsicht priorisieren, werden sich schneller bewegen, mit gr\u00f6\u00dferem Vertrauen agieren und morgen dauerhafte Loyalit\u00e4t gewinnen. <\/p><p>Die AI Briefing hilft F\u00fchrungskr\u00e4ften, diese Prinzipien in die Praxis umzusetzen \u2013 und \u00fcberbr\u00fcckt die L\u00fccke zwischen technologischem Ehrgeiz und ethischer Verantwortung.<\/p><p><a href=\"https:\/\/verged.ai\/services\/\">Lesen Sie hier mehr \u00fcber unsere Services!<\/a><\/p>\t\t\t\t\t\t\t\t<\/div>\n\t\t\t\t<\/div>\n\t\t\t\t\t<\/div>\n\t\t\t\t<\/div>\n\t\t\t\t<\/div>\n\t\t","protected":false},"excerpt":{"rendered":"<p>Insights, die F\u00fchrungskr\u00e4ften helfen, vertrauensw\u00fcrdige AI aufzubauen Die AI Briefings von Verged liefert Experten-Insights zu verantwortungsvoller und kundenorientierter AI. Jede Ausgabe beleuchtet, wie Unternehmen \u00fcber die Compliance hinaus Vertrauen, Transparenz und langfristigen Wert durch intelligente Technologien aufbauen k\u00f6nnen. Beginnen Sie mit unserer ersten Ausgabe \u2013 AI Governance: Vom Risiko zum Wettbewerbsvorteil \u2013 und entdecken Sie, &hellip; <\/p>\n<p class=\"link-more\"><a href=\"https:\/\/verged.ai\/de\/die-ai-briefing-experten-insights-zu-responsible-ai\/\" class=\"more-link\">Mehr lesen<span class=\"screen-reader-text\"> \u201eDie AI Briefings: Experten-Insights zu Responsible AI\u201c<\/span><\/a><\/p>\n","protected":false},"author":1,"featured_media":7601,"parent":0,"menu_order":0,"comment_status":"closed","ping_status":"closed","template":"page-templates\/full-width-builder-bb.php","meta":{"content-type":"","om_disable_all_campaigns":false,"_monsterinsights_skip_tracking":false,"_monsterinsights_sitenote_active":false,"_monsterinsights_sitenote_note":"","_monsterinsights_sitenote_category":0,"_uf_show_specific_survey":0,"_uf_disable_surveys":false,"inspiro_hide_title":false,"footnotes":""},"class_list":["post-7600","page","type-page","status-publish","has-post-thumbnail","hentry"],"aioseo_notices":[],"featured_media_urls":{"thumbnail":["https:\/\/verged.ai\/wp-content\/uploads\/2025\/10\/pexels-camilaignacia-33432729-150x150.jpg",150,150,true],"medium":["https:\/\/verged.ai\/wp-content\/uploads\/2025\/10\/pexels-camilaignacia-33432729-300x169.jpg",300,169,true],"medium_large":["https:\/\/verged.ai\/wp-content\/uploads\/2025\/10\/pexels-camilaignacia-33432729-scaled.jpg",768,432,false],"large":["https:\/\/verged.ai\/wp-content\/uploads\/2025\/10\/pexels-camilaignacia-33432729-1024x576.jpg",950,534,true],"1536x1536":["https:\/\/verged.ai\/wp-content\/uploads\/2025\/10\/pexels-camilaignacia-33432729-scaled-1536x864.jpg",1536,864,true],"2048x2048":["https:\/\/verged.ai\/wp-content\/uploads\/2025\/10\/pexels-camilaignacia-33432729-scaled-2048x1152.jpg",2048,1152,true],"inspiro-featured-image":["https:\/\/verged.ai\/wp-content\/uploads\/2025\/10\/pexels-camilaignacia-33432729-2000x1125.jpg",2000,1125,true],"inspiro-loop":["https:\/\/verged.ai\/wp-content\/uploads\/2025\/10\/pexels-camilaignacia-33432729-950x320.jpg",950,320,true],"inspiro-loop@2x":["https:\/\/verged.ai\/wp-content\/uploads\/2025\/10\/pexels-camilaignacia-33432729-1900x640.jpg",1900,640,true],"portfolio_item-thumbnail":["https:\/\/verged.ai\/wp-content\/uploads\/2025\/10\/pexels-camilaignacia-33432729-scaled-600x400.jpg",600,400,true],"portfolio_item-thumbnail@2x":["https:\/\/verged.ai\/wp-content\/uploads\/2025\/10\/pexels-camilaignacia-33432729-scaled-1200x800.jpg",1200,800,true],"portfolio_item-masonry":["https:\/\/verged.ai\/wp-content\/uploads\/2025\/10\/pexels-camilaignacia-33432729-scaled-600x338.jpg",600,338,true],"portfolio_item-masonry@2x":["https:\/\/verged.ai\/wp-content\/uploads\/2025\/10\/pexels-camilaignacia-33432729-scaled-1200x675.jpg",1200,675,true],"portfolio_item-thumbnail_cinema":["https:\/\/verged.ai\/wp-content\/uploads\/2025\/10\/pexels-camilaignacia-33432729-scaled-800x335.jpg",800,335,true],"portfolio_item-thumbnail_portrait":["https:\/\/verged.ai\/wp-content\/uploads\/2025\/10\/pexels-camilaignacia-33432729-scaled-600x900.jpg",600,900,true],"portfolio_item-thumbnail_portrait@2x":["https:\/\/verged.ai\/wp-content\/uploads\/2025\/10\/pexels-camilaignacia-33432729-scaled-1200x1440.jpg",1200,1440,true],"portfolio_item-thumbnail_square":["https:\/\/verged.ai\/wp-content\/uploads\/2025\/10\/pexels-camilaignacia-33432729-scaled-800x800.jpg",800,800,true]},"_links":{"self":[{"href":"https:\/\/verged.ai\/de\/wp-json\/wp\/v2\/pages\/7600","targetHints":{"allow":["GET"]}}],"collection":[{"href":"https:\/\/verged.ai\/de\/wp-json\/wp\/v2\/pages"}],"about":[{"href":"https:\/\/verged.ai\/de\/wp-json\/wp\/v2\/types\/page"}],"author":[{"embeddable":true,"href":"https:\/\/verged.ai\/de\/wp-json\/wp\/v2\/users\/1"}],"replies":[{"embeddable":true,"href":"https:\/\/verged.ai\/de\/wp-json\/wp\/v2\/comments?post=7600"}],"version-history":[{"count":6,"href":"https:\/\/verged.ai\/de\/wp-json\/wp\/v2\/pages\/7600\/revisions"}],"predecessor-version":[{"id":8026,"href":"https:\/\/verged.ai\/de\/wp-json\/wp\/v2\/pages\/7600\/revisions\/8026"}],"wp:featuredmedia":[{"embeddable":true,"href":"https:\/\/verged.ai\/de\/wp-json\/wp\/v2\/media\/7601"}],"wp:attachment":[{"href":"https:\/\/verged.ai\/de\/wp-json\/wp\/v2\/media?parent=7600"}],"curies":[{"name":"wp","href":"https:\/\/api.w.org\/{rel}","templated":true}]}}