{"id":7793,"date":"2025-08-10T20:36:04","date_gmt":"2025-08-10T20:36:04","guid":{"rendered":"https:\/\/verged.ai\/treffen-sie-christian-schacht\/"},"modified":"2025-10-25T19:21:25","modified_gmt":"2025-10-25T19:21:25","slug":"treffen-sie-christian-schacht","status":"publish","type":"page","link":"https:\/\/verged.ai\/de\/treffen-sie-christian-schacht\/","title":{"rendered":"Treffen Sie Christian Schacht"},"content":{"rendered":"\t\t<div data-elementor-type=\"wp-page\" data-elementor-id=\"7793\" class=\"elementor elementor-7793 elementor-7157\" data-elementor-post-type=\"page\">\n\t\t\t\t<div class=\"elementor-element elementor-element-78b7e0a e-flex e-con-boxed e-con e-parent\" data-id=\"78b7e0a\" data-element_type=\"container\" data-e-type=\"container\">\n\t\t\t\t\t<div class=\"e-con-inner\">\n\t\t<div class=\"elementor-element elementor-element-bde6304 e-con-full e-flex e-con e-child\" data-id=\"bde6304\" data-element_type=\"container\" data-e-type=\"container\" data-settings=\"{&quot;background_background&quot;:&quot;classic&quot;}\">\n\t\t\t\t<div class=\"elementor-element elementor-element-d775f0c elementor-widget elementor-widget-image\" data-id=\"d775f0c\" data-element_type=\"widget\" data-e-type=\"widget\" data-widget_type=\"image.default\">\n\t\t\t\t<div class=\"elementor-widget-container\">\n\t\t\t\t\t\t\t\t\t\t\t\t\t\t\t<img fetchpriority=\"high\" decoding=\"async\" width=\"400\" height=\"600\" src=\"https:\/\/verged.ai\/wp-content\/uploads\/2025\/04\/Christian_600px_sm.jpg\" class=\"attachment-large size-large wp-image-7745\" alt=\"Im Gespr\u00e4ch mit Christian Schacht\" srcset=\"https:\/\/verged.ai\/wp-content\/uploads\/2025\/04\/Christian_600px_sm.jpg 400w, https:\/\/verged.ai\/wp-content\/uploads\/2025\/04\/Christian_600px_sm-200x300.jpg 200w\" sizes=\"100vw\" title=\"Im Gespr\u00e4ch mit Christian Schacht - Customer Engagement for the AI Era\" \/>\t\t\t\t\t\t\t\t\t\t\t\t\t\t\t<\/div>\n\t\t\t\t<\/div>\n\t\t\t\t<\/div>\n\t\t<div class=\"elementor-element elementor-element-5069092 e-con-full e-flex e-con e-child\" data-id=\"5069092\" data-element_type=\"container\" data-e-type=\"container\">\n\t\t\t\t<div class=\"elementor-element elementor-element-081dfd7 elementor-widget elementor-widget-text-editor\" data-id=\"081dfd7\" data-element_type=\"widget\" data-e-type=\"widget\" data-widget_type=\"text-editor.default\">\n\t\t\t\t<div class=\"elementor-widget-container\">\n\t\t\t\t\t\t\t\t\t<p data-start=\"199\" data-end=\"270\"><strong data-start=\"199\" data-end=\"268\">Strategie- &amp; Transformationsexperte | KI-gest\u00fctztes Kundenengagement<\/strong><\/p><p data-start=\"272\" data-end=\"475\">Mit \u00fcber 20 Jahren Erfahrung in f\u00fchrenden internationalen Beratungsunternehmen unterst\u00fctze ich Organisationen dabei, <strong data-start=\"359\" data-end=\"395\">nachhaltiges, kundenorientiertes Wachstum<\/strong> durch strategische Klarheit, digitale Transformation und organisatorischen Wandel zu erzielen.<\/p><p data-start=\"477\" data-end=\"710\">Ich habe globale Kunden in <strong data-start=\"512\" data-end=\"542\">Europa, Asien und den USA<\/strong> beraten und dabei messbare Ergebnisse erzielt, die \u00fcber das Projekt hinaus Bestand haben. Meine <strong data-start=\"609\" data-end=\"638\">umfassende Branchenerfahrung<\/strong> erstreckt sich \u00fcber die Bereiche Finanzen, Telekommunikation, Energie, Fertigung und Einzelhandel. <\/p><p data-start=\"712\" data-end=\"912\">Ich verbinde ein tiefes Verst\u00e4ndnis f\u00fcr <strong data-start=\"746\" data-end=\"802\">Gesch\u00e4ftsmodelle, Wertsch\u00f6pfungsketten und Customer Journeys<\/strong> mit der F\u00e4higkeit, komplexe Umgebungen auf eine klare strategische Ausrichtung auszurichten \u2014 und diese dann umzusetzen.<\/p><p data-start=\"914\" data-end=\"1185\">Mit einem starken Fokus auf <strong data-start=\"937\" data-end=\"972\">KI-gest\u00fctzte Kundeninteraktion<\/strong> habe ich KI-Strategieinitiativen in globalen Beratungsunternehmen mitgeleitet, Partnerschaften mit f\u00fchrenden Anbietern von KI- und CX-Plattformen aufgebaut und <strong data-start=\"1113\" data-end=\"1151\">skalierbare, verantwortungsvolle KI-L\u00f6sungen<\/strong> implementiert, die echten Gesch\u00e4ftswert schaffen.<\/p>\t\t\t\t\t\t\t\t<\/div>\n\t\t\t\t<\/div>\n\t\t\t\t<\/div>\n\t\t\t\t\t<\/div>\n\t\t\t\t<\/div>\n\t\t<div class=\"elementor-element elementor-element-a84231d e-flex e-con-boxed e-con e-parent\" data-id=\"a84231d\" data-element_type=\"container\" data-e-type=\"container\">\n\t\t\t\t\t<div class=\"e-con-inner\">\n\t\t\t\t<div class=\"elementor-element elementor-element-b9d2d79 elementor-widget elementor-widget-hubspot-meeting\" data-id=\"b9d2d79\" data-element_type=\"widget\" data-e-type=\"widget\" data-widget_type=\"hubspot-meeting.default\">\n\t\t\t\t<div class=\"elementor-widget-container\">\n\t\t\t\t\t\n\t\t<div class=\"meetings-iframe-container\" data-src=\"https:\/\/meetings-eu1.hubspot.com\/christian-schacht?embed=true\"><\/div>\n\t\t<script>\n\t\t\tif(window.hbspt && window.hbspt.meetings){\n\t\t\t\twindow.hbspt.meetings.create(\".meetings-iframe-container\");\n\t\t\t}\n\t\t\t<\/script>\n\t\t\t\t\t\t<\/div>\n\t\t\t\t<\/div>\n\t\t\t\t\t<\/div>\n\t\t\t\t<\/div>\n\t\t\t\t<\/div>\n\t\t","protected":false},"excerpt":{"rendered":"<p>Strategie- &amp; Transformationsexperte | KI-gest\u00fctztes Kundenengagement Mit \u00fcber 20 Jahren Erfahrung in f\u00fchrenden internationalen Beratungsunternehmen unterst\u00fctze ich Organisationen dabei, nachhaltiges, kundenorientiertes Wachstum durch strategische Klarheit, digitale Transformation und organisatorischen Wandel zu erzielen. Ich habe globale Kunden in Europa, Asien und den USA beraten und dabei messbare Ergebnisse erzielt, die \u00fcber das Projekt hinaus Bestand haben. &hellip; <\/p>\n<p class=\"link-more\"><a href=\"https:\/\/verged.ai\/de\/treffen-sie-christian-schacht\/\" class=\"more-link\">Mehr lesen<span class=\"screen-reader-text\"> \u201eTreffen Sie Christian Schacht\u201c<\/span><\/a><\/p>\n","protected":false},"author":1,"featured_media":0,"parent":0,"menu_order":0,"comment_status":"closed","ping_status":"closed","template":"","meta":{"content-type":"","om_disable_all_campaigns":false,"_monsterinsights_skip_tracking":false,"_monsterinsights_sitenote_active":false,"_monsterinsights_sitenote_note":"","_monsterinsights_sitenote_category":0,"_uf_show_specific_survey":0,"_uf_disable_surveys":false,"inspiro_hide_title":false,"footnotes":""},"class_list":["post-7793","page","type-page","status-publish","hentry"],"aioseo_notices":[],"featured_media_urls":[],"_links":{"self":[{"href":"https:\/\/verged.ai\/de\/wp-json\/wp\/v2\/pages\/7793","targetHints":{"allow":["GET"]}}],"collection":[{"href":"https:\/\/verged.ai\/de\/wp-json\/wp\/v2\/pages"}],"about":[{"href":"https:\/\/verged.ai\/de\/wp-json\/wp\/v2\/types\/page"}],"author":[{"embeddable":true,"href":"https:\/\/verged.ai\/de\/wp-json\/wp\/v2\/users\/1"}],"replies":[{"embeddable":true,"href":"https:\/\/verged.ai\/de\/wp-json\/wp\/v2\/comments?post=7793"}],"version-history":[{"count":1,"href":"https:\/\/verged.ai\/de\/wp-json\/wp\/v2\/pages\/7793\/revisions"}],"predecessor-version":[{"id":7795,"href":"https:\/\/verged.ai\/de\/wp-json\/wp\/v2\/pages\/7793\/revisions\/7795"}],"wp:attachment":[{"href":"https:\/\/verged.ai\/de\/wp-json\/wp\/v2\/media?parent=7793"}],"curies":[{"name":"wp","href":"https:\/\/api.w.org\/{rel}","templated":true}]}}