{"id":7796,"date":"2025-10-10T12:57:31","date_gmt":"2025-10-10T12:57:31","guid":{"rendered":"https:\/\/verged.ai\/chatbot-demo-mit-moin-ai-intelligentere-konversationen-echte-geschaeftsergebnisse\/"},"modified":"2025-11-26T22:23:33","modified_gmt":"2025-11-26T22:23:33","slug":"chatbot-demo-mit-moin-ai-intelligentere-konversationen-echte-geschaeftsergebnisse","status":"publish","type":"page","link":"https:\/\/verged.ai\/de\/chatbot-demo-mit-moin-ai-intelligentere-konversationen-echte-geschaeftsergebnisse\/","title":{"rendered":"Buchen Sie Ihre Chatbot Demo mit moinAI \u2013 Leistungsstark, Einfach und Bew\u00e4hrt"},"content":{"rendered":"\t\t<div data-elementor-type=\"wp-page\" data-elementor-id=\"7796\" class=\"elementor elementor-7796 elementor-7419\" data-elementor-post-type=\"page\">\n\t\t\t\t<div class=\"elementor-element elementor-element-61c7348 e-flex e-con-boxed e-con e-parent\" data-id=\"61c7348\" data-element_type=\"container\" data-e-type=\"container\">\n\t\t\t\t\t<div class=\"e-con-inner\">\n\t\t\t\t<div class=\"elementor-element elementor-element-04f3a90 elementor-widget elementor-widget-spacer\" data-id=\"04f3a90\" data-element_type=\"widget\" data-e-type=\"widget\" data-widget_type=\"spacer.default\">\n\t\t\t\t<div class=\"elementor-widget-container\">\n\t\t\t\t\t\t\t<div class=\"elementor-spacer\">\n\t\t\t<div class=\"elementor-spacer-inner\"><\/div>\n\t\t<\/div>\n\t\t\t\t\t\t<\/div>\n\t\t\t\t<\/div>\n\t\t\t\t\t<\/div>\n\t\t\t\t<\/div>\n\t\t<div class=\"elementor-element elementor-element-4a2ed18 e-flex e-con-boxed e-con e-parent\" data-id=\"4a2ed18\" data-element_type=\"container\" data-e-type=\"container\" data-settings=\"{&quot;background_background&quot;:&quot;classic&quot;}\">\n\t\t\t\t\t<div class=\"e-con-inner\">\n\t\t<div class=\"elementor-element elementor-element-776752e e-con-full e-flex e-con e-child\" data-id=\"776752e\" data-element_type=\"container\" data-e-type=\"container\">\n\t\t\t\t<div class=\"elementor-element elementor-element-55f77ab elementor-widget elementor-widget-image\" data-id=\"55f77ab\" data-element_type=\"widget\" data-e-type=\"widget\" data-widget_type=\"image.default\">\n\t\t\t\t<div class=\"elementor-widget-container\">\n\t\t\t\t\t\t\t\t\t\t\t\t\t\t\t\t<a href=\"https:\/\/moin.ai\">\n\t\t\t\t\t\t\t<img fetchpriority=\"high\" decoding=\"async\" width=\"950\" height=\"372\" src=\"https:\/\/verged.ai\/wp-content\/uploads\/2025\/10\/logo_moinai_long_light.png\" class=\"attachment-large size-large wp-image-7564\" alt=\"Logo moinAI\" srcset=\"https:\/\/verged.ai\/wp-content\/uploads\/2025\/10\/logo_moinai_long_light.png 992w, https:\/\/verged.ai\/wp-content\/uploads\/2025\/10\/logo_moinai_long_light-300x117.png 300w, https:\/\/verged.ai\/wp-content\/uploads\/2025\/10\/logo_moinai_long_light-600x235.png 600w\" sizes=\"100vw\" title=\"Logo moinAI - Customer Engagement for the AI Era\" \/>\t\t\t\t\t\t\t\t<\/a>\n\t\t\t\t\t\t\t\t\t\t\t\t\t\t\t<\/div>\n\t\t\t\t<\/div>\n\t\t\t\t<\/div>\n\t\t<div class=\"elementor-element elementor-element-7b9b5e8 e-con-full e-flex e-con e-child\" data-id=\"7b9b5e8\" data-element_type=\"container\" data-e-type=\"container\">\n\t\t\t\t<div class=\"elementor-element elementor-element-4856e98 elementor-widget elementor-widget-heading\" data-id=\"4856e98\" data-element_type=\"widget\" data-e-type=\"widget\" data-widget_type=\"heading.default\">\n\t\t\t\t<div class=\"elementor-widget-container\">\n\t\t\t\t\t<h2 class=\"elementor-heading-title elementor-size-default\">Erleben Sie, wie moinAI Chatbots Marketing, Vertrieb und Kundenservice verbessern<\/h2>\t\t\t\t<\/div>\n\t\t\t\t<\/div>\n\t\t\t\t<div class=\"elementor-element elementor-element-4951ace elementor-widget elementor-widget-text-editor\" data-id=\"4951ace\" data-element_type=\"widget\" data-e-type=\"widget\" data-widget_type=\"text-editor.default\">\n\t\t\t\t<div class=\"elementor-widget-container\">\n\t\t\t\t\t\t\t\t\t<p data-start=\"565\" data-end=\"880\">Buchen Sie Ihre personalisierte Chatbot Demo der moinAI-Plattform \u2013 entworfen und gehostet von Verged.<\/p><p data-start=\"565\" data-end=\"880\">Erfahren Sie, wie Ihnen eine massgeschneiderte Demo die tats\u00e4chlichen Auswirkungen von Conversational AI in Aktion zeigen kann: Optimierung von Marketing-Workflows, Verbesserung des Kundenservice und St\u00e4rkung Ihrer Vertriebsteams mit intelligenter Automatisierung.<\/p>\t\t\t\t\t\t\t\t<\/div>\n\t\t\t\t<\/div>\n\t\t\t\t<div class=\"elementor-element elementor-element-3420bc3 elementor-align-left elementor-widget elementor-widget-button\" data-id=\"3420bc3\" data-element_type=\"widget\" data-e-type=\"widget\" data-widget_type=\"button.default\">\n\t\t\t\t<div class=\"elementor-widget-container\">\n\t\t\t\t\t\t\t\t\t<div class=\"elementor-button-wrapper\">\n\t\t\t\t\t<a class=\"elementor-button elementor-button-link elementor-size-sm\" href=\"#demo-form-moin\">\n\t\t\t\t\t\t<span class=\"elementor-button-content-wrapper\">\n\t\t\t\t\t\t\t\t\t<span class=\"elementor-button-text\">Buchen Sie Ihre Demo<\/span>\n\t\t\t\t\t<\/span>\n\t\t\t\t\t<\/a>\n\t\t\t\t<\/div>\n\t\t\t\t\t\t\t\t<\/div>\n\t\t\t\t<\/div>\n\t\t\t\t<\/div>\n\t\t\t\t\t<\/div>\n\t\t\t\t<\/div>\n\t\t<div class=\"elementor-element elementor-element-e4692fd e-flex e-con-boxed e-con e-parent\" data-id=\"e4692fd\" data-element_type=\"container\" data-e-type=\"container\">\n\t\t\t\t\t<div class=\"e-con-inner\">\n\t\t\t\t<div class=\"elementor-element elementor-element-abee5bd elementor-widget elementor-widget-spacer\" data-id=\"abee5bd\" data-element_type=\"widget\" data-e-type=\"widget\" data-widget_type=\"spacer.default\">\n\t\t\t\t<div class=\"elementor-widget-container\">\n\t\t\t\t\t\t\t<div class=\"elementor-spacer\">\n\t\t\t<div class=\"elementor-spacer-inner\"><\/div>\n\t\t<\/div>\n\t\t\t\t\t\t<\/div>\n\t\t\t\t<\/div>\n\t\t\t\t<div class=\"elementor-element elementor-element-6110422 elementor-widget elementor-widget-heading\" data-id=\"6110422\" data-element_type=\"widget\" data-e-type=\"widget\" data-widget_type=\"heading.default\">\n\t\t\t\t<div class=\"elementor-widget-container\">\n\t\t\t\t\t<h2 class=\"elementor-heading-title elementor-size-default\">Ihre personalisierte <span>moinAI<\/span> Chatbot Demo \u2013 So funktioniert's<br><\/h2>\t\t\t\t<\/div>\n\t\t\t\t<\/div>\n\t\t\t\t<div class=\"elementor-element elementor-element-0b91cba elementor-widget elementor-widget-heading\" data-id=\"0b91cba\" data-element_type=\"widget\" data-e-type=\"widget\" data-widget_type=\"heading.default\">\n\t\t\t\t<div class=\"elementor-widget-container\">\n\t\t\t\t\t<h3 class=\"elementor-heading-title elementor-size-default\">Von Insights zur Interaktion \u2013 so gestalten wir Ihre Demo<\/h3>\t\t\t\t<\/div>\n\t\t\t\t<\/div>\n\t\t\t\t<div class=\"elementor-element elementor-element-bb0015a elementor-widget elementor-widget-text-editor\" data-id=\"bb0015a\" data-element_type=\"widget\" data-e-type=\"widget\" data-widget_type=\"text-editor.default\">\n\t\t\t\t<div class=\"elementor-widget-container\">\n\t\t\t\t\t\t\t\t\t<p data-start=\"736\" data-end=\"1017\">Vor jeder Demo nehmen wir uns Zeit, Ihren gesch\u00e4ftlichen Kontext zu verstehen \u2013 sei es Marketing, Kundenservice oder Vertrieb. Diese Vorbereitung erm\u00f6glicht es uns, eine Chatbot-Demo zu erstellen, die Ihre realen Customer Journeys und Kommunikationsherausforderungen widerspiegelt. <\/p><p data-start=\"736\" data-end=\"1017\">Unser Ansatz vereint die Beratungsexpertise von Verged mit den leistungsstarken Conversational AI Funktionen von moinAI und liefert Ihrem Team dadurch praktische, messbare Erkenntnisse.<\/p><p data-start=\"736\" data-end=\"1017\">Erfahren Sie, wie <a href=\"https:\/\/verged.ai\/de\/die-moinai-x-verged-partnerschaft-fuer-eine-bessere-customer-experience\/\">moinAI und Verged gemeinsam das Kundenengagement st\u00e4rken und weiterentwickeln<\/a>.<\/p>\t\t\t\t\t\t\t\t<\/div>\n\t\t\t\t<\/div>\n\t\t\t\t<div class=\"elementor-element elementor-element-47efc0b elementor-widget elementor-widget-heading\" data-id=\"47efc0b\" data-element_type=\"widget\" data-e-type=\"widget\" data-widget_type=\"heading.default\">\n\t\t\t\t<div class=\"elementor-widget-container\">\n\t\t\t\t\t<h3 class=\"elementor-heading-title elementor-size-default\">Von der Demo zu echten Ergebnissen \u2013 Insights in die Tat umsetzen<\/h3>\t\t\t\t<\/div>\n\t\t\t\t<\/div>\n\t\t\t\t<div class=\"elementor-element elementor-element-74e7c2f elementor-widget elementor-widget-text-editor\" data-id=\"74e7c2f\" data-element_type=\"widget\" data-e-type=\"widget\" data-widget_type=\"text-editor.default\">\n\t\t\t\t<div class=\"elementor-widget-container\">\n\t\t\t\t\t\t\t\t\t<p data-start=\"1626\" data-end=\"1973\">W\u00e4hrend Ihrer Live-Demo f\u00fchren wir Sie durch Anwendungsf\u00e4lle, die auf Ihr Unternehmen zugeschnitten sind \u2013 und zeigen, wie Conversational AI Workflows automatisieren, die Lead-Qualit\u00e4t steigern und die Reaktionszeiten des Kundenservice verbessern kann. Nach der Sitzung geben unsere Experten Empfehlungen f\u00fcr die n\u00e4chsten Schritte, damit Sie beurteilen k\u00f6nnen, wie Sie KI in Ihrem Unternehmen skalieren k\u00f6nnen. <\/p><p data-start=\"1626\" data-end=\"1973\">Entdecken Sie unsere <a href=\"https:\/\/verged.ai\/de\/services\/\"><strong data-start=\"2028\" data-end=\"2073\">KI-Beratungs- und Implementierungsdienstleistungen<\/strong><\/a>, um zu erfahren, wie Verged Unternehmen dabei unterst\u00fctzt, von Pilotprojekten zu unternehmensreifen L\u00f6sungen zu gelangen.<\/p>\t\t\t\t\t\t\t\t<\/div>\n\t\t\t\t<\/div>\n\t\t\t\t\t<\/div>\n\t\t\t\t<\/div>\n\t\t<div class=\"elementor-element elementor-element-f8f91a5 e-con-full e-flex e-con e-parent\" data-id=\"f8f91a5\" data-element_type=\"container\" data-e-type=\"container\" data-settings=\"{&quot;background_background&quot;:&quot;classic&quot;}\">\n\t\t\t\t<\/div>\n\t\t<div class=\"elementor-element elementor-element-1053ef0 e-flex e-con-boxed e-con e-parent\" data-id=\"1053ef0\" data-element_type=\"container\" data-e-type=\"container\" data-settings=\"{&quot;background_background&quot;:&quot;classic&quot;}\">\n\t\t\t\t\t<div class=\"e-con-inner\">\n\t\t\t\t<div class=\"elementor-element elementor-element-6cb3425 elementor-widget elementor-widget-spacer\" data-id=\"6cb3425\" data-element_type=\"widget\" data-e-type=\"widget\" data-widget_type=\"spacer.default\">\n\t\t\t\t<div class=\"elementor-widget-container\">\n\t\t\t\t\t\t\t<div class=\"elementor-spacer\">\n\t\t\t<div class=\"elementor-spacer-inner\"><\/div>\n\t\t<\/div>\n\t\t\t\t\t\t<\/div>\n\t\t\t\t<\/div>\n\t\t\t\t<div class=\"elementor-element elementor-element-bca8b21 elementor-widget elementor-widget-heading\" data-id=\"bca8b21\" data-element_type=\"widget\" data-e-type=\"widget\" data-widget_type=\"heading.default\">\n\t\t\t\t<div class=\"elementor-widget-container\">\n\t\t\t\t\t<h3 class=\"elementor-heading-title elementor-size-default\">Sind Sie bereit zu sehen, was Conversational AI f\u00fcr Ihr Unternehmen tun kann?<\/h3>\t\t\t\t<\/div>\n\t\t\t\t<\/div>\n\t\t\t\t<div class=\"elementor-element elementor-element-8d53cb0 elementor-widget elementor-widget-text-editor\" data-id=\"8d53cb0\" data-element_type=\"widget\" data-e-type=\"widget\" data-widget_type=\"text-editor.default\">\n\t\t\t\t<div class=\"elementor-widget-container\">\n\t\t\t\t\t\t\t\t\t<p data-start=\"2910\" data-end=\"3179\">Ihre personalisierte moinAI-Chatbot-Demo ist nur wenige Klicks entfernt. F\u00fcllen Sie das Formular aus \u2013 wir melden uns innerhalb eines Werktags und planen gemeinsam Ihre Demo, abgestimmt auf Ihre Ziele in Marketing, Kundenservice oder Vertrieb. <\/p>\t\t\t\t\t\t\t\t<\/div>\n\t\t\t\t<\/div>\n\t\t\t\t<div class=\"elementor-element elementor-element-7e053bf elementor-widget elementor-widget-spacer\" data-id=\"7e053bf\" data-element_type=\"widget\" data-e-type=\"widget\" data-widget_type=\"spacer.default\">\n\t\t\t\t<div class=\"elementor-widget-container\">\n\t\t\t\t\t\t\t<div class=\"elementor-spacer\">\n\t\t\t<div class=\"elementor-spacer-inner\"><\/div>\n\t\t<\/div>\n\t\t\t\t\t\t<\/div>\n\t\t\t\t<\/div>\n\t\t\t\t\t<\/div>\n\t\t\t\t<\/div>\n\t\t<div class=\"elementor-element elementor-element-a044a6f e-flex e-con-boxed e-con e-parent\" data-id=\"a044a6f\" data-element_type=\"container\" data-e-type=\"container\">\n\t\t\t\t\t<div class=\"e-con-inner\">\n\t\t\t\t<div class=\"elementor-element elementor-element-5070e5a elementor-widget elementor-widget-menu-anchor\" data-id=\"5070e5a\" data-element_type=\"widget\" data-e-type=\"widget\" data-widget_type=\"menu-anchor.default\">\n\t\t\t\t<div class=\"elementor-widget-container\">\n\t\t\t\t\t\t\t<div class=\"elementor-menu-anchor\" id=\"demo-form-moin\"><\/div>\n\t\t\t\t\t\t<\/div>\n\t\t\t\t<\/div>\n\t\t\t\t<div class=\"elementor-element elementor-element-31967ac elementor-widget elementor-widget-hubspot-form\" data-id=\"31967ac\" data-element_type=\"widget\" data-e-type=\"widget\" data-widget_type=\"hubspot-form.default\">\n\t\t\t\t<div class=\"elementor-widget-container\">\n\t\t\t\t\t\n\t\t\t<div\n\t\t\tclass=\"hs-form-frame\"\n\t\t\tdata-region=\"eu1\"\n\t\t\tdata-form-id=\"c8afe773-bacf-4af6-af32-de6777a39337\"\n\t\t\tdata-portal-id=\"146204515\"\n\t\t\t >\n\t\t\t<\/div>\n\t\t\t\t\t\t\t<\/div>\n\t\t\t\t<\/div>\n\t\t\t\t\t<\/div>\n\t\t\t\t<\/div>\n\t\t\t\t<\/div>\n\t\t","protected":false},"excerpt":{"rendered":"<p>Erleben Sie, wie moinAI Chatbots Marketing, Vertrieb und Kundenservice verbessern Buchen Sie Ihre personalisierte Chatbot Demo der moinAI-Plattform \u2013 entworfen und gehostet von Verged. Erfahren Sie, wie Ihnen eine massgeschneiderte Demo die tats\u00e4chlichen Auswirkungen von Conversational AI in Aktion zeigen kann: Optimierung von Marketing-Workflows, Verbesserung des Kundenservice und St\u00e4rkung Ihrer Vertriebsteams mit intelligenter Automatisierung. Buchen &hellip; <\/p>\n<p class=\"link-more\"><a href=\"https:\/\/verged.ai\/de\/chatbot-demo-mit-moin-ai-intelligentere-konversationen-echte-geschaeftsergebnisse\/\" class=\"more-link\">Mehr lesen<span class=\"screen-reader-text\"> \u201eBuchen Sie Ihre Chatbot Demo mit moinAI \u2013 Leistungsstark, Einfach und Bew\u00e4hrt\u201c<\/span><\/a><\/p>\n","protected":false},"author":1,"featured_media":7764,"parent":0,"menu_order":0,"comment_status":"closed","ping_status":"closed","template":"","meta":{"content-type":"","om_disable_all_campaigns":false,"_monsterinsights_skip_tracking":false,"_monsterinsights_sitenote_active":false,"_monsterinsights_sitenote_note":"","_monsterinsights_sitenote_category":0,"_uf_show_specific_survey":0,"_uf_disable_surveys":false,"inspiro_hide_title":false,"footnotes":""},"class_list":["post-7796","page","type-page","status-publish","has-post-thumbnail","hentry"],"aioseo_notices":[],"featured_media_urls":{"thumbnail":["https:\/\/verged.ai\/wp-content\/uploads\/2025\/10\/Feature_Moin_Demo-150x150.jpg",150,150,true],"medium":["https:\/\/verged.ai\/wp-content\/uploads\/2025\/10\/Feature_Moin_Demo-300x200.jpg",300,200,true],"medium_large":["https:\/\/verged.ai\/wp-content\/uploads\/2025\/10\/Feature_Moin_Demo-scaled.jpg",768,512,false],"large":["https:\/\/verged.ai\/wp-content\/uploads\/2025\/10\/Feature_Moin_Demo-1024x682.jpg",950,633,true],"1536x1536":["https:\/\/verged.ai\/wp-content\/uploads\/2025\/10\/Feature_Moin_Demo-scaled-1536x1023.jpg",1536,1023,true],"2048x2048":["https:\/\/verged.ai\/wp-content\/uploads\/2025\/10\/Feature_Moin_Demo-scaled-2048x1364.jpg",2048,1364,true],"inspiro-featured-image":["https:\/\/verged.ai\/wp-content\/uploads\/2025\/10\/Feature_Moin_Demo-2000x1332.jpg",2000,1332,true],"inspiro-loop":["https:\/\/verged.ai\/wp-content\/uploads\/2025\/10\/Feature_Moin_Demo-950x320.jpg",950,320,true],"inspiro-loop@2x":["https:\/\/verged.ai\/wp-content\/uploads\/2025\/10\/Feature_Moin_Demo-1900x640.jpg",1900,640,true],"portfolio_item-thumbnail":["https:\/\/verged.ai\/wp-content\/uploads\/2025\/10\/Feature_Moin_Demo-scaled-600x400.jpg",600,400,true],"portfolio_item-thumbnail@2x":["https:\/\/verged.ai\/wp-content\/uploads\/2025\/10\/Feature_Moin_Demo-scaled-1200x800.jpg",1200,800,true],"portfolio_item-masonry":["https:\/\/verged.ai\/wp-content\/uploads\/2025\/10\/Feature_Moin_Demo-scaled-600x400.jpg",600,400,true],"portfolio_item-masonry@2x":["https:\/\/verged.ai\/wp-content\/uploads\/2025\/10\/Feature_Moin_Demo-scaled-1200x799.jpg",1200,799,true],"portfolio_item-thumbnail_cinema":["https:\/\/verged.ai\/wp-content\/uploads\/2025\/10\/Feature_Moin_Demo-scaled-800x335.jpg",800,335,true],"portfolio_item-thumbnail_portrait":["https:\/\/verged.ai\/wp-content\/uploads\/2025\/10\/Feature_Moin_Demo-scaled-600x900.jpg",600,900,true],"portfolio_item-thumbnail_portrait@2x":["https:\/\/verged.ai\/wp-content\/uploads\/2025\/10\/Feature_Moin_Demo-scaled-1200x1705.jpg",1200,1705,true],"portfolio_item-thumbnail_square":["https:\/\/verged.ai\/wp-content\/uploads\/2025\/10\/Feature_Moin_Demo-scaled-800x800.jpg",800,800,true]},"_links":{"self":[{"href":"https:\/\/verged.ai\/de\/wp-json\/wp\/v2\/pages\/7796","targetHints":{"allow":["GET"]}}],"collection":[{"href":"https:\/\/verged.ai\/de\/wp-json\/wp\/v2\/pages"}],"about":[{"href":"https:\/\/verged.ai\/de\/wp-json\/wp\/v2\/types\/page"}],"author":[{"embeddable":true,"href":"https:\/\/verged.ai\/de\/wp-json\/wp\/v2\/users\/1"}],"replies":[{"embeddable":true,"href":"https:\/\/verged.ai\/de\/wp-json\/wp\/v2\/comments?post=7796"}],"version-history":[{"count":9,"href":"https:\/\/verged.ai\/de\/wp-json\/wp\/v2\/pages\/7796\/revisions"}],"predecessor-version":[{"id":8028,"href":"https:\/\/verged.ai\/de\/wp-json\/wp\/v2\/pages\/7796\/revisions\/8028"}],"wp:featuredmedia":[{"embeddable":true,"href":"https:\/\/verged.ai\/de\/wp-json\/wp\/v2\/media\/7764"}],"wp:attachment":[{"href":"https:\/\/verged.ai\/de\/wp-json\/wp\/v2\/media?parent=7796"}],"curies":[{"name":"wp","href":"https:\/\/api.w.org\/{rel}","templated":true}]}}